{"id":58,"date":"2019-06-12T12:30:00","date_gmt":"2019-06-12T10:30:00","guid":{"rendered":"http:\/\/www.waldhufenidyll-erzgebirge.de\/wp\/?page_id=58"},"modified":"2020-11-25T19:18:11","modified_gmt":"2020-11-25T18:18:11","slug":"garten","status":"publish","type":"page","link":"https:\/\/www.waldhufenidyll-erzgebirge.de\/wp\/?page_id=58","title":{"rendered":"Garten"},"content":{"rendered":"\n<p class=\"has-medium-font-size\">Inmitten der naturbelassenen Umgebung unseres &#8222;Waldhufenidylls&#8220; sollte der Entspannung nichts im Wege stehen. Neben der vielf\u00e4ltigen M\u00f6glichkeiten rund um K\u00f6nigswalde steht unseren G\u00e4sten dazu nat\u00fcrlich auch unser Garten zur Verf\u00fcgung. <\/p>\n\n\n<div class=\"n2-section-smartslider fitvidsignore \" data-ssid=\"4\" tabindex=\"0\" role=\"region\" aria-label=\"Slider\"><div id=\"n2-ss-4-align\" class=\"n2-ss-align\"><div class=\"n2-padding\"><div id=\"n2-ss-4\" data-creator=\"Smart Slider 3\" data-responsive=\"auto\" class=\"n2-ss-slider n2-ow n2-has-hover n2notransition  \"><div class=\"n2-ss-slider-wrapper-outside\" style=\"grid-template-rows:1fr auto\"><div class=\"n2-ss-slider-wrapper-inside\">\n        <div class=\"n2-ss-slider-1 n2_ss__touch_element n2-ow\">\n            <div class=\"n2-ss-slider-2 n2-ow\">\n                                                    <div class=\"n2-ss-background-animation n2-ow\"><\/div>\n                                <div class=\"n2-ss-slider-3 n2-ow\">\n\n                    <div class=\"n2-ss-slide-backgrounds n2-ow-all\"><div class=\"n2-ss-slide-background\" data-public-id=\"1\" data-mode=\"fill\"><div class=\"n2-ss-slide-background-image\" data-blur=\"0\" data-opacity=\"100\" data-x=\"50\" data-y=\"50\" data-alt=\"\" data-title=\"\"><picture class=\"skip-lazy\" data-skip-lazy=\"1\"><img decoding=\"async\" src=\"\/\/www.waldhufenidyll-erzgebirge.de\/wp\/wp-content\/uploads\/2019\/06\/Waldhufenidyll_mK.jpg\" alt=\"\" title=\"\" loading=\"lazy\" class=\"skip-lazy\" data-skip-lazy=\"1\"><\/picture><\/div><div data-color=\"RGBA(255,255,255,0)\" style=\"background-color: RGBA(255,255,255,0);\" class=\"n2-ss-slide-background-color\"><\/div><\/div><div class=\"n2-ss-slide-background\" data-public-id=\"2\" data-mode=\"fill\"><div class=\"n2-ss-slide-background-image\" data-blur=\"0\" data-opacity=\"100\" data-x=\"50\" data-y=\"50\" data-alt=\"\" data-title=\"\"><picture class=\"skip-lazy\" data-skip-lazy=\"1\"><img decoding=\"async\" src=\"\/\/www.waldhufenidyll-erzgebirge.de\/wp\/wp-content\/uploads\/2019\/09\/Sitzecke.jpg\" alt=\"\" title=\"\" loading=\"lazy\" class=\"skip-lazy\" data-skip-lazy=\"1\"><\/picture><\/div><div data-color=\"RGBA(255,255,255,0)\" style=\"background-color: RGBA(255,255,255,0);\" class=\"n2-ss-slide-background-color\"><\/div><\/div><div class=\"n2-ss-slide-background\" data-public-id=\"3\" data-mode=\"fill\"><div class=\"n2-ss-slide-background-image\" data-blur=\"0\" data-opacity=\"100\" data-x=\"50\" data-y=\"50\" data-alt=\"\" data-title=\"\"><picture class=\"skip-lazy\" data-skip-lazy=\"1\"><img decoding=\"async\" src=\"\/\/www.waldhufenidyll-erzgebirge.de\/wp\/wp-content\/uploads\/2019\/06\/Garten1.jpg\" alt=\"\" title=\"\" loading=\"lazy\" class=\"skip-lazy\" data-skip-lazy=\"1\"><\/picture><\/div><div data-color=\"RGBA(255,255,255,0)\" style=\"background-color: RGBA(255,255,255,0);\" class=\"n2-ss-slide-background-color\"><\/div><\/div><div class=\"n2-ss-slide-background\" data-public-id=\"4\" data-mode=\"fill\"><div class=\"n2-ss-slide-background-image\" data-blur=\"0\" data-opacity=\"100\" data-x=\"50\" data-y=\"50\" data-alt=\"\" data-title=\"\"><picture class=\"skip-lazy\" data-skip-lazy=\"1\"><img decoding=\"async\" src=\"\/\/www.waldhufenidyll-erzgebirge.de\/wp\/wp-content\/uploads\/2019\/06\/Garten2.jpg\" alt=\"\" title=\"\" loading=\"lazy\" class=\"skip-lazy\" data-skip-lazy=\"1\"><\/picture><\/div><div data-color=\"RGBA(255,255,255,0)\" style=\"background-color: RGBA(255,255,255,0);\" class=\"n2-ss-slide-background-color\"><\/div><\/div><div class=\"n2-ss-slide-background\" data-public-id=\"5\" data-mode=\"fill\"><div class=\"n2-ss-slide-background-image\" data-blur=\"0\" data-opacity=\"100\" data-x=\"50\" data-y=\"50\" data-alt=\"\" data-title=\"\"><picture class=\"skip-lazy\" data-skip-lazy=\"1\"><img decoding=\"async\" src=\"\/\/www.waldhufenidyll-erzgebirge.de\/wp\/wp-content\/uploads\/2019\/06\/Gartenteich1.jpg\" alt=\"\" title=\"\" loading=\"lazy\" class=\"skip-lazy\" data-skip-lazy=\"1\"><\/picture><\/div><div data-color=\"RGBA(255,255,255,0)\" style=\"background-color: RGBA(255,255,255,0);\" class=\"n2-ss-slide-background-color\"><\/div><\/div><div class=\"n2-ss-slide-background\" data-public-id=\"6\" data-mode=\"fill\"><div class=\"n2-ss-slide-background-image\" data-blur=\"0\" data-opacity=\"100\" data-x=\"50\" data-y=\"50\" data-alt=\"\" data-title=\"\"><picture class=\"skip-lazy\" data-skip-lazy=\"1\"><img decoding=\"async\" src=\"\/\/www.waldhufenidyll-erzgebirge.de\/wp\/wp-content\/uploads\/2019\/06\/Gartenteich_Details.jpg\" alt=\"\" title=\"\" loading=\"lazy\" class=\"skip-lazy\" data-skip-lazy=\"1\"><\/picture><\/div><div data-color=\"RGBA(255,255,255,0)\" style=\"background-color: RGBA(255,255,255,0);\" class=\"n2-ss-slide-background-color\"><\/div><\/div><\/div>                    <div class=\"n2-ss-slider-4 n2-ow\">\n                        <svg xmlns=\"http:\/\/www.w3.org\/2000\/svg\" viewBox=\"0 0 1000 500\" data-related-device=\"desktopPortrait\" class=\"n2-ow n2-ss-preserve-size n2-ss-preserve-size--slider n2-ss-slide-limiter\"><\/svg><div data-first=\"1\" data-slide-duration=\"0\" data-id=\"35\" data-slide-public-id=\"1\" data-title=\"Waldhufenidyll_mK\" class=\"n2-ss-slide n2-ow  n2-ss-slide-35\"><div role=\"note\" class=\"n2-ss-slide--focus\" tabindex=\"-1\">Waldhufenidyll_mK<\/div><div class=\"n2-ss-layers-container n2-ss-slide-limiter n2-ow\"><div class=\"n2-ss-layer n2-ow n-uc-Uh2gPJMAkb3z\" data-sstype=\"slide\" data-pm=\"default\"><\/div><\/div><\/div><div data-slide-duration=\"0\" data-id=\"30\" data-slide-public-id=\"2\" data-title=\"Sitzecke\" class=\"n2-ss-slide n2-ow  n2-ss-slide-30\"><div role=\"note\" class=\"n2-ss-slide--focus\" tabindex=\"-1\">Sitzecke<\/div><div class=\"n2-ss-layers-container n2-ss-slide-limiter n2-ow\"><div class=\"n2-ss-layer n2-ow n-uc-bOmiyezDMwnd\" data-sstype=\"slide\" data-pm=\"default\"><\/div><\/div><\/div><div data-slide-duration=\"0\" data-id=\"31\" data-slide-public-id=\"3\" data-title=\"Garten1\" class=\"n2-ss-slide n2-ow  n2-ss-slide-31\"><div role=\"note\" class=\"n2-ss-slide--focus\" tabindex=\"-1\">Garten1<\/div><div class=\"n2-ss-layers-container n2-ss-slide-limiter n2-ow\"><div class=\"n2-ss-layer n2-ow n-uc-eWVJPqdY7VUu\" data-sstype=\"slide\" data-pm=\"default\"><\/div><\/div><\/div><div data-slide-duration=\"0\" data-id=\"32\" data-slide-public-id=\"4\" data-title=\"Garten2\" class=\"n2-ss-slide n2-ow  n2-ss-slide-32\"><div role=\"note\" class=\"n2-ss-slide--focus\" tabindex=\"-1\">Garten2<\/div><div class=\"n2-ss-layers-container n2-ss-slide-limiter n2-ow\"><div class=\"n2-ss-layer n2-ow n-uc-sFrhnHPFRbYT\" data-sstype=\"slide\" data-pm=\"default\"><\/div><\/div><\/div><div data-slide-duration=\"0\" data-id=\"33\" data-slide-public-id=\"5\" data-title=\"Gartenteich1\" class=\"n2-ss-slide n2-ow  n2-ss-slide-33\"><div role=\"note\" class=\"n2-ss-slide--focus\" tabindex=\"-1\">Gartenteich1<\/div><div class=\"n2-ss-layers-container n2-ss-slide-limiter n2-ow\"><div class=\"n2-ss-layer n2-ow n-uc-KPH8mr98BMR4\" data-sstype=\"slide\" data-pm=\"default\"><\/div><\/div><\/div><div data-slide-duration=\"0\" data-id=\"34\" data-slide-public-id=\"6\" data-title=\"Gartenteich_Details\" class=\"n2-ss-slide n2-ow  n2-ss-slide-34\"><div role=\"note\" class=\"n2-ss-slide--focus\" tabindex=\"-1\">Gartenteich_Details<\/div><div class=\"n2-ss-layers-container n2-ss-slide-limiter n2-ow\"><div class=\"n2-ss-layer n2-ow n-uc-cqpDhi6hN6hl\" data-sstype=\"slide\" data-pm=\"default\"><\/div><\/div><\/div>                    <\/div>\n\n                                    <\/div>\n            <\/div>\n        <\/div>\n        <div class=\"n2-ss-slider-controls n2-ss-slider-controls-absolute-left-center\"><div style=\"--widget-offset:15px;\" class=\"n2-ss-widget n2-ss-widget-display-hover nextend-arrow n2-ow-all nextend-arrow-previous  nextend-arrow-animated-fade\" data-hide-mobileportrait=\"1\" id=\"n2-ss-4-arrow-previous\" role=\"button\" aria-label=\"previous arrow\" tabindex=\"0\"><img loading=\"lazy\" decoding=\"async\" width=\"32\" height=\"32\" class=\"skip-lazy\" data-skip-lazy=\"1\" src=\"data:image\/svg+xml;base64,PHN2ZyB3aWR0aD0iMzIiIGhlaWdodD0iMzIiIHZpZXdCb3g9IjAgMCAzMiAzMiIgeG1sbnM9Imh0dHA6Ly93d3cudzMub3JnLzIwMDAvc3ZnIj4KICAgIDxwYXRoIGQ9Ik0xMS40MzMgMTUuOTkyTDIyLjY5IDUuNzEyYy4zOTMtLjM5LjM5My0xLjAzIDAtMS40Mi0uMzkzLS4zOS0xLjAzLS4zOS0xLjQyMyAwbC0xMS45OCAxMC45NGMtLjIxLjIxLS4zLjQ5LS4yODUuNzYtLjAxNS4yOC4wNzUuNTYuMjg0Ljc3bDExLjk4IDEwLjk0Yy4zOTMuMzkgMS4wMy4zOSAxLjQyNCAwIC4zOTMtLjQuMzkzLTEuMDMgMC0xLjQybC0xMS4yNTctMTAuMjkiCiAgICAgICAgICBmaWxsPSIjZmZmZmZmIiBvcGFjaXR5PSIwLjgiIGZpbGwtcnVsZT0iZXZlbm9kZCIvPgo8L3N2Zz4=\" alt=\"previous arrow\"><\/div><\/div><div class=\"n2-ss-slider-controls n2-ss-slider-controls-absolute-right-center\"><div style=\"--widget-offset:15px;\" class=\"n2-ss-widget n2-ss-widget-display-hover nextend-arrow n2-ow-all nextend-arrow-next  nextend-arrow-animated-fade\" data-hide-mobileportrait=\"1\" id=\"n2-ss-4-arrow-next\" role=\"button\" aria-label=\"next arrow\" tabindex=\"0\"><img loading=\"lazy\" decoding=\"async\" width=\"32\" height=\"32\" class=\"skip-lazy\" data-skip-lazy=\"1\" src=\"data:image\/svg+xml;base64,PHN2ZyB3aWR0aD0iMzIiIGhlaWdodD0iMzIiIHZpZXdCb3g9IjAgMCAzMiAzMiIgeG1sbnM9Imh0dHA6Ly93d3cudzMub3JnLzIwMDAvc3ZnIj4KICAgIDxwYXRoIGQ9Ik0xMC43MjIgNC4yOTNjLS4zOTQtLjM5LTEuMDMyLS4zOS0xLjQyNyAwLS4zOTMuMzktLjM5MyAxLjAzIDAgMS40MmwxMS4yODMgMTAuMjgtMTEuMjgzIDEwLjI5Yy0uMzkzLjM5LS4zOTMgMS4wMiAwIDEuNDIuMzk1LjM5IDEuMDMzLjM5IDEuNDI3IDBsMTIuMDA3LTEwLjk0Yy4yMS0uMjEuMy0uNDkuMjg0LS43Ny4wMTQtLjI3LS4wNzYtLjU1LS4yODYtLjc2TDEwLjcyIDQuMjkzeiIKICAgICAgICAgIGZpbGw9IiNmZmZmZmYiIG9wYWNpdHk9IjAuOCIgZmlsbC1ydWxlPSJldmVub2RkIi8+Cjwvc3ZnPg==\" alt=\"next arrow\"><\/div><\/div><\/div><div class=\"n2-ss-slider-controls n2-ss-slider-controls-below\"><div class=\"n2-ss-widget nextend-shadow n2-ow-all\" data-hide-mobileportrait=\"1\"><img decoding=\"async\" width=\"1120\" height=\"50\" style=\"display: block; width:100%;max-width:none;\" class=\"nextend-shadow-image skip-lazy\" loading=\"lazy\" data-skip-lazy=\"1\" src=\"https:\/\/www.waldhufenidyll-erzgebirge.de\/wp\/wp-content\/plugins\/smart-slider-3\/Public\/SmartSlider3\/Widget\/Shadow\/ShadowImage\/Assets\/shadow\/dark.png\" alt=\"Shadow\"><\/div><\/div><\/div><\/div><ss3-loader><\/ss3-loader><\/div><\/div><div class=\"n2_clear\"><\/div><\/div>\n\n\n<p class=\"has-text-align-center\">\n\nDetails siehe unten &#8230;\n\n<\/p>\n\n\n\n<hr class=\"wp-block-separator is-style-wide\"\/>\n\n\n\n<div class=\"wp-block-image\"><figure class=\"aligncenter is-resized\"><img loading=\"lazy\" decoding=\"async\" src=\"https:\/\/www.waldhufenidyll-erzgebirge.de\/wp\/wp-content\/uploads\/2019\/09\/Sitzecke-1024x576.jpg\" alt=\"\" class=\"wp-image-97\" width=\"1024\" height=\"576\" srcset=\"https:\/\/www.waldhufenidyll-erzgebirge.de\/wp\/wp-content\/uploads\/2019\/09\/Sitzecke-1024x576.jpg 1024w, https:\/\/www.waldhufenidyll-erzgebirge.de\/wp\/wp-content\/uploads\/2019\/09\/Sitzecke-300x169.jpg 300w, https:\/\/www.waldhufenidyll-erzgebirge.de\/wp\/wp-content\/uploads\/2019\/09\/Sitzecke-768x432.jpg 768w\" sizes=\"(max-width: 1024px) 100vw, 1024px\" \/><\/figure><\/div>\n\n\n\n<p class=\"has-medium-font-size\">Hinter dem Haus kann man es sich in der<strong> eigenen Sitzecke <\/strong>gem\u00fctlich machen, dem Rauschen des nahen P\u00f6hlbachs lauschen oder den eigenen <strong>Grill <\/strong>nutzen. Neben dem gro\u00dfen Tisch stehen bis zu 6 St\u00fchle mit Auflagen bereit. Ein Sichtschutz sorgt f\u00fcr ausreichen Privatsph\u00e4re.  <\/p>\n\n\n\n<hr class=\"wp-block-separator\"\/>\n\n\n\n<div class=\"wp-block-image\"><figure class=\"aligncenter\"><img loading=\"lazy\" decoding=\"async\" width=\"1024\" height=\"576\" src=\"https:\/\/www.waldhufenidyll-erzgebirge.de\/wp\/wp-content\/uploads\/2019\/06\/Garten1-1024x576.jpg\" alt=\"\" class=\"wp-image-14\" srcset=\"https:\/\/www.waldhufenidyll-erzgebirge.de\/wp\/wp-content\/uploads\/2019\/06\/Garten1-1024x576.jpg 1024w, https:\/\/www.waldhufenidyll-erzgebirge.de\/wp\/wp-content\/uploads\/2019\/06\/Garten1-300x169.jpg 300w, https:\/\/www.waldhufenidyll-erzgebirge.de\/wp\/wp-content\/uploads\/2019\/06\/Garten1-768x432.jpg 768w\" sizes=\"(max-width: 1024px) 100vw, 1024px\" \/><\/figure><\/div>\n\n\n\n<p class=\"has-medium-font-size\">Im Garten des Hauses mit <strong>Lounge-Ecke<\/strong>, <strong>Gartenteich <\/strong>mit Wasserfall und weiteren liebevollen Details hat man einen tollen Blick auf die <strong>Waldhufen<\/strong>struktur rund um K\u00f6nigswalde. Gern k\u00f6nnen unsere G\u00e4ste den Garten mit nutzen und einen frischen Salat und Kr\u00e4uter vom Hochbeet ernten.<\/p>\n\n\n\n<div class=\"wp-block-image\"><figure class=\"aligncenter is-resized\"><img loading=\"lazy\" decoding=\"async\" src=\"https:\/\/www.waldhufenidyll-erzgebirge.de\/wp\/wp-content\/uploads\/2019\/06\/Garten2-1024x576.jpg\" alt=\"\" class=\"wp-image-15\" width=\"1024\" height=\"576\" srcset=\"https:\/\/www.waldhufenidyll-erzgebirge.de\/wp\/wp-content\/uploads\/2019\/06\/Garten2-1024x576.jpg 1024w, https:\/\/www.waldhufenidyll-erzgebirge.de\/wp\/wp-content\/uploads\/2019\/06\/Garten2-300x169.jpg 300w, https:\/\/www.waldhufenidyll-erzgebirge.de\/wp\/wp-content\/uploads\/2019\/06\/Garten2-768x432.jpg 768w\" sizes=\"(max-width: 1024px) 100vw, 1024px\" \/><\/figure><\/div>\n\n\n\n<p class=\"has-medium-font-size\">   F\u00fcr die richtige Lagerfeuerromatik steht eine <strong>Feuerschale <\/strong>und etwas Brennholz bereit &#8230;   <\/p>\n\n\n\n<div class=\"wp-block-image\"><figure class=\"aligncenter is-resized\"><img loading=\"lazy\" decoding=\"async\" src=\"https:\/\/www.waldhufenidyll-erzgebirge.de\/wp\/wp-content\/uploads\/2019\/06\/Gartenteich3-1024x576.jpg\" alt=\"\" class=\"wp-image-19\" width=\"1024\" height=\"576\" srcset=\"https:\/\/www.waldhufenidyll-erzgebirge.de\/wp\/wp-content\/uploads\/2019\/06\/Gartenteich3-1024x576.jpg 1024w, https:\/\/www.waldhufenidyll-erzgebirge.de\/wp\/wp-content\/uploads\/2019\/06\/Gartenteich3-300x169.jpg 300w, https:\/\/www.waldhufenidyll-erzgebirge.de\/wp\/wp-content\/uploads\/2019\/06\/Gartenteich3-768x432.jpg 768w\" sizes=\"(max-width: 1024px) 100vw, 1024px\" \/><\/figure><\/div>\n\n\n\n<p class=\"has-medium-font-size\">Unsere Labradorh\u00fcndin &#8222;<strong>Quishu<\/strong>&#8220; h\u00e4tte den Garten nat\u00fcrlich am liebsten f\u00fcr sich allein, aber bis jetzt hat sie sich noch mit jedem vertragen, der sie ein bisschen verw\u00f6hnt hat &#8230;  <\/p>\n\n\n\n<hr class=\"wp-block-separator is-style-wide\"\/>\n\n\n\n<div class=\"wp-block-image\"><figure class=\"aligncenter\"><img loading=\"lazy\" decoding=\"async\" width=\"1024\" height=\"576\" src=\"https:\/\/www.waldhufenidyll-erzgebirge.de\/wp\/wp-content\/uploads\/2019\/06\/Gartenteich_Details-1024x576.jpg\" alt=\"\" class=\"wp-image-16\" srcset=\"https:\/\/www.waldhufenidyll-erzgebirge.de\/wp\/wp-content\/uploads\/2019\/06\/Gartenteich_Details-1024x576.jpg 1024w, https:\/\/www.waldhufenidyll-erzgebirge.de\/wp\/wp-content\/uploads\/2019\/06\/Gartenteich_Details-300x169.jpg 300w, https:\/\/www.waldhufenidyll-erzgebirge.de\/wp\/wp-content\/uploads\/2019\/06\/Gartenteich_Details-768x432.jpg 768w\" sizes=\"(max-width: 1024px) 100vw, 1024px\" \/><\/figure><\/div>\n\n\n\n<p class=\"has-text-align-center has-medium-font-size\">Am &#8222;Wasserfall&#8220; kann man noch den einen oder anderen seltsamen Gast entdecken &#8230;<\/p>\n\n\n\n<div class=\"wp-block-image\"><figure class=\"aligncenter\"><img loading=\"lazy\" decoding=\"async\" width=\"350\" height=\"350\" src=\"https:\/\/www.waldhufenidyll-erzgebirge.de\/wp\/wp-content\/uploads\/2020\/03\/PuG_350px.png\" alt=\"\" class=\"wp-image-349\" srcset=\"https:\/\/www.waldhufenidyll-erzgebirge.de\/wp\/wp-content\/uploads\/2020\/03\/PuG_350px.png 350w, https:\/\/www.waldhufenidyll-erzgebirge.de\/wp\/wp-content\/uploads\/2020\/03\/PuG_350px-150x150.png 150w, https:\/\/www.waldhufenidyll-erzgebirge.de\/wp\/wp-content\/uploads\/2020\/03\/PuG_350px-300x300.png 300w\" sizes=\"(max-width: 350px) 100vw, 350px\" \/><figcaption><a href=\"#top\">Gl\u00fcck auf!<\/a><\/figcaption><\/figure><\/div>\n","protected":false},"excerpt":{"rendered":"<p>Inmitten der naturbelassenen Umgebung unseres &#8222;Waldhufenidylls&#8220; sollte der Entspannung nichts im Wege stehen. Neben der vielf\u00e4ltigen M\u00f6glichkeiten rund um K\u00f6nigswalde steht unseren G\u00e4sten dazu nat\u00fcrlich auch unser Garten zur Verf\u00fcgung. Details siehe unten &#8230; Im Garten des Hauses mit Lounge-Ecke, Gartenteich mit Wasserfall und weiteren liebevollen Details hat man einen tollen Blick auf die Waldhufenstruktur&hellip;&nbsp;<a href=\"https:\/\/www.waldhufenidyll-erzgebirge.de\/wp\/?page_id=58\" class=\"\" rel=\"bookmark\">Weiterlesen &raquo;<span class=\"screen-reader-text\">Garten<\/span><\/a><\/p>\n","protected":false},"author":1,"featured_media":14,"parent":0,"menu_order":0,"comment_status":"closed","ping_status":"closed","template":"","meta":{"neve_meta_sidebar":"","neve_meta_container":"","neve_meta_enable_content_width":"off","neve_meta_content_width":0,"neve_meta_title_alignment":"","neve_meta_author_avatar":"","neve_post_elements_order":"","neve_meta_disable_header":"","neve_meta_disable_footer":"","neve_meta_disable_title":"","footnotes":""},"_links":{"self":[{"href":"https:\/\/www.waldhufenidyll-erzgebirge.de\/wp\/index.php?rest_route=\/wp\/v2\/pages\/58"}],"collection":[{"href":"https:\/\/www.waldhufenidyll-erzgebirge.de\/wp\/index.php?rest_route=\/wp\/v2\/pages"}],"about":[{"href":"https:\/\/www.waldhufenidyll-erzgebirge.de\/wp\/index.php?rest_route=\/wp\/v2\/types\/page"}],"author":[{"embeddable":true,"href":"https:\/\/www.waldhufenidyll-erzgebirge.de\/wp\/index.php?rest_route=\/wp\/v2\/users\/1"}],"replies":[{"embeddable":true,"href":"https:\/\/www.waldhufenidyll-erzgebirge.de\/wp\/index.php?rest_route=%2Fwp%2Fv2%2Fcomments&post=58"}],"version-history":[{"count":23,"href":"https:\/\/www.waldhufenidyll-erzgebirge.de\/wp\/index.php?rest_route=\/wp\/v2\/pages\/58\/revisions"}],"predecessor-version":[{"id":481,"href":"https:\/\/www.waldhufenidyll-erzgebirge.de\/wp\/index.php?rest_route=\/wp\/v2\/pages\/58\/revisions\/481"}],"wp:featuredmedia":[{"embeddable":true,"href":"https:\/\/www.waldhufenidyll-erzgebirge.de\/wp\/index.php?rest_route=\/wp\/v2\/media\/14"}],"wp:attachment":[{"href":"https:\/\/www.waldhufenidyll-erzgebirge.de\/wp\/index.php?rest_route=%2Fwp%2Fv2%2Fmedia&parent=58"}],"curies":[{"name":"wp","href":"https:\/\/api.w.org\/{rel}","templated":true}]}}