{"id":158,"date":"2019-10-05T11:53:36","date_gmt":"2019-10-05T09:53:36","guid":{"rendered":"http:\/\/www.waldhufenidyll-erzgebirge.de\/wp\/?page_id=158"},"modified":"2025-03-18T18:04:32","modified_gmt":"2025-03-18T17:04:32","slug":"home","status":"publish","type":"page","link":"https:\/\/www.waldhufenidyll-erzgebirge.de\/wp\/?page_id=158","title":{"rendered":"Erlebnisheimat Erzgebirge"},"content":{"rendered":"\n<p class=\"has-medium-font-size\">Das <strong>Waldhufenidyll<\/strong> liegt im Herzen des Erzgebirges direkt am Mountainbike-Radweg <strong>Stoneman Miriquidi<\/strong> bzw. verschiedenen ausgeschilderten <strong>Wanderwegen<\/strong>. Direkt vor der T\u00fcr beginnt also unsere <strong>Erlebnisheimat Erzgebirge<\/strong>.  <\/p>\n\n\n<div class=\"wp-block-image\">\n<figure class=\"aligncenter\"><img loading=\"lazy\" decoding=\"async\" width=\"1024\" height=\"576\" src=\"https:\/\/www.waldhufenidyll-erzgebirge.de\/wp\/wp-content\/uploads\/2019\/06\/Waldhufenidyll_mK-1024x576.jpg\" alt=\"\" class=\"wp-image-25\" srcset=\"https:\/\/www.waldhufenidyll-erzgebirge.de\/wp\/wp-content\/uploads\/2019\/06\/Waldhufenidyll_mK-1024x576.jpg 1024w, https:\/\/www.waldhufenidyll-erzgebirge.de\/wp\/wp-content\/uploads\/2019\/06\/Waldhufenidyll_mK-300x169.jpg 300w, https:\/\/www.waldhufenidyll-erzgebirge.de\/wp\/wp-content\/uploads\/2019\/06\/Waldhufenidyll_mK-768x432.jpg 768w\" sizes=\"(max-width: 1024px) 100vw, 1024px\" \/><figcaption class=\"wp-element-caption\">Foto Waldhufenidyll<\/figcaption><\/figure><\/div>\n\n\n<p class=\"has-medium-font-size\">Unsere pers\u00f6nlichen Lieblingstouren haben wir bei <a href=\"https:\/\/www.komoot.de\" target=\"_blank\" rel=\"noreferrer noopener\" aria-label=\"komoot  (\u00f6ffnet in neuem Tab)\">komoot <\/a>dokumentiert (registrieren und dem Nutzer Waldhufenidyll folgen), <br>hier nur eine kleine Auswahl:<\/p>\n\n\n\n<h3 class=\"wp-block-heading\">Wandertouren direkt ab der Haust\u00fcr<\/h3>\n\n\n\n<p class=\"has-medium-font-size\"><a rel=\"noreferrer noopener\" aria-label=\"Haustour West (\u00f6ffnet in neuem Tab)\" href=\"https:\/\/www.komoot.de\/tour\/68677325\" target=\"_blank\">Haustour West<\/a> ums Waldhufenidyll (6 km) <br><a rel=\"noreferrer noopener\" aria-label=\"Haustour Ost (\u00f6ffnet in neuem Tab)\" href=\"https:\/\/www.komoot.de\/tour\/92407434\" target=\"_blank\">Haustour Ost<\/a> ums Waldhufenidyll (7 km) <br>zum <a rel=\"noreferrer noopener\" aria-label=\"Fichtenh\u00e4usel (\u00f6ffnet in neuem Tab)\" href=\"https:\/\/www.komoot.de\/tour\/86013138\" target=\"_blank\">Fichtenh\u00e4usel<\/a> und zur\u00fcck (8 km)<br>Wandern im <a rel=\"noreferrer noopener\" aria-label=\"Pressnitztal   (\u00f6ffnet in neuem Tab)\" href=\"https:\/\/www.komoot.de\/tour\/91176981\" target=\"_blank\">Pressnitztal  <\/a>(bis 14 km)<br>zum Berg <a rel=\"noreferrer noopener\" aria-label=\"B\u00e4renstein  (\u00f6ffnet in neuem Tab)\" href=\"https:\/\/www.komoot.de\/tour\/89076809\" target=\"_blank\">B\u00e4renstein<\/a> (15 km)  <br>zum <a rel=\"noreferrer noopener\" aria-label=\"P\u00f6hlberg  (\u00f6ffnet in neuem Tab)\" href=\"https:\/\/www.komoot.de\/tour\/89076809\" target=\"_blank\">P\u00f6hlberg<\/a> (12 km)<\/p>\n\n\n\n<h3 class=\"wp-block-heading\">Radtouren direkt ab der Haust\u00fcr<\/h3>\n\n\n\n<p class=\"has-medium-font-size\"><a rel=\"noreferrer noopener\" aria-label=\"G\u00f6rans Lieblingstour (\u00f6ffnet in neuem Tab)\" href=\"https:\/\/www.komoot.de\/tour\/89076809\" target=\"_blank\">G\u00f6rans Lieblingstour<\/a> (ca. 40 km)<br><a rel=\"noreferrer noopener\" aria-label=\"Zum Greifenbachstauweiher (\u00f6ffnet in neuem Tab)\" href=\"https:\/\/www.komoot.de\/tour\/89076809\" target=\"_blank\">Zum Greifenbachstauweiher<\/a> (ca. 50 km) <br><a rel=\"noreferrer noopener\" aria-label=\"Oberwiesenthal-Talsperre (\u00f6ffnet in neuem Tab)\" href=\"https:\/\/www.komoot.de\/tour\/89076809\" target=\"_blank\">Oberwiesenthal+Talsperre<\/a> (ca. 40 km)<br>Zum <a rel=\"noreferrer noopener\" aria-label=\"Scheibenberg (\u00f6ffnet in neuem Tab)\" href=\"https:\/\/www.komoot.de\/tour\/89076809\" target=\"_blank\">Scheibenberg<\/a>(ca. 35 km)    <br>&#8230; oder ein St\u00fcck auf dem <strong><a rel=\"noreferrer noopener\" aria-label=\"Stoneman Miriquidi (\u00f6ffnet in neuem Tab)\" href=\"https:\/\/www.stoneman-miriquidi.com\" target=\"_blank\">Stoneman Miriquidi<\/a><\/strong>, der beginnt ja unmittelbar vor der Haust\u00fcre<\/p>\n\n\n\n<div class=\"wp-block-group is-layout-flow wp-block-group-is-layout-flow\"><div class=\"wp-block-group__inner-container\"><\/div><\/div>\n\n\n\n<hr class=\"wp-block-separator has-css-opacity\"\/>\n\n\n\n<p class=\"has-medium-font-size\">In unmittelbarer N\u00e4he finden sich auch verschiedene <strong>Skipisten<\/strong>, <strong>Langlaufloipen<\/strong> oder Gebiete zum Snowkiten.&nbsp;<\/p>\n\n\n<div class=\"wp-block-image\">\n<figure class=\"aligncenter\"><img loading=\"lazy\" decoding=\"async\" width=\"1016\" height=\"581\" src=\"https:\/\/www.waldhufenidyll-erzgebirge.de\/wp\/wp-content\/uploads\/2019\/11\/Langlauf.jpg\" alt=\"\" class=\"wp-image-291\" srcset=\"https:\/\/www.waldhufenidyll-erzgebirge.de\/wp\/wp-content\/uploads\/2019\/11\/Langlauf.jpg 1016w, https:\/\/www.waldhufenidyll-erzgebirge.de\/wp\/wp-content\/uploads\/2019\/11\/Langlauf-300x172.jpg 300w, https:\/\/www.waldhufenidyll-erzgebirge.de\/wp\/wp-content\/uploads\/2019\/11\/Langlauf-768x439.jpg 768w\" sizes=\"(max-width: 1016px) 100vw, 1016px\" \/><figcaption class=\"wp-element-caption\"> Quelle: erzgebirge-tourismus.de <\/figcaption><\/figure><\/div>\n\n\n<hr class=\"wp-block-separator has-css-opacity\"\/>\n\n\n\n<p class=\"has-medium-font-size\">Viele <strong>Sehensw\u00fcrdigkeiten<\/strong> wie die St. Annenkirche, der Frohnauer Hammer, die Manufaktur der Tr\u00e4ume oder das Adam-Ries-Museum laden zum entdecken ein. <strong>Traditionelles Handwerk<\/strong> wie Kl\u00f6ppeln, Schnitzen, R\u00e4ucherkerzen herstellen und vieles andere mehr kann man live erleben.<\/p>\n\n\n<div class=\"wp-block-image\">\n<figure class=\"aligncenter\"><img loading=\"lazy\" decoding=\"async\" width=\"1024\" height=\"683\" src=\"https:\/\/www.waldhufenidyll-erzgebirge.de\/wp\/wp-content\/uploads\/2019\/11\/R\u00e4ucherkerzen-1024x683.jpg\" alt=\"\" class=\"wp-image-284\" srcset=\"https:\/\/www.waldhufenidyll-erzgebirge.de\/wp\/wp-content\/uploads\/2019\/11\/R\u00e4ucherkerzen-1024x683.jpg 1024w, https:\/\/www.waldhufenidyll-erzgebirge.de\/wp\/wp-content\/uploads\/2019\/11\/R\u00e4ucherkerzen-300x200.jpg 300w, https:\/\/www.waldhufenidyll-erzgebirge.de\/wp\/wp-content\/uploads\/2019\/11\/R\u00e4ucherkerzen-768x512.jpg 768w\" sizes=\"(max-width: 1024px) 100vw, 1024px\" \/><figcaption class=\"wp-element-caption\">Quelle: erzgebirge-tourismus.de<\/figcaption><\/figure><\/div>\n\n\n<hr class=\"wp-block-separator has-css-opacity\"\/>\n\n\n\n<p class=\"has-medium-font-size\">In verschiedenen <strong>Besucherbergwerken<\/strong> taucht man ein in die geheimnisvolle Welt unter Tage. Dem Traditionsbergbau verdanken wir ja&nbsp; inzwischen unseren <strong>Welterbe<\/strong>titel.&nbsp;<\/p>\n\n\n<div class=\"wp-block-image\">\n<figure class=\"aligncenter\"><img loading=\"lazy\" decoding=\"async\" width=\"1024\" height=\"683\" src=\"https:\/\/www.waldhufenidyll-erzgebirge.de\/wp\/wp-content\/uploads\/2019\/11\/Besucherbergwerk-1024x683.jpg\" alt=\"\" class=\"wp-image-292\" srcset=\"https:\/\/www.waldhufenidyll-erzgebirge.de\/wp\/wp-content\/uploads\/2019\/11\/Besucherbergwerk-1024x683.jpg 1024w, https:\/\/www.waldhufenidyll-erzgebirge.de\/wp\/wp-content\/uploads\/2019\/11\/Besucherbergwerk-300x200.jpg 300w, https:\/\/www.waldhufenidyll-erzgebirge.de\/wp\/wp-content\/uploads\/2019\/11\/Besucherbergwerk-768x512.jpg 768w\" sizes=\"(max-width: 1024px) 100vw, 1024px\" \/><figcaption class=\"wp-element-caption\"> Quelle: erzgebirge-tourismus.de <\/figcaption><\/figure><\/div>\n\n\n<hr class=\"wp-block-separator has-css-opacity\"\/>\n\n\n\n<p class=\"has-medium-font-size\">Eine Fahrt mit der &#8222;echten&#8220; <strong>Bimmelbahn &#8211;<\/strong> Fichtelbergbahn oder Pressnitztalbahn &#8211; durch die romantische Natur ist ein einmaliges Erlebnis. Man kann aber auch das gesamte Erzgebirge im <strong>Modelleisenbahn<\/strong>land bestaunen.<\/p>\n\n\n<div class=\"wp-block-image\">\n<figure class=\"aligncenter\"><img loading=\"lazy\" decoding=\"async\" width=\"1024\" height=\"576\" src=\"https:\/\/www.waldhufenidyll-erzgebirge.de\/wp\/wp-content\/uploads\/2019\/11\/Pressnitztalbahn_Schmalzgrube-1024x576.jpg\" alt=\"\" class=\"wp-image-283\" srcset=\"https:\/\/www.waldhufenidyll-erzgebirge.de\/wp\/wp-content\/uploads\/2019\/11\/Pressnitztalbahn_Schmalzgrube-1024x576.jpg 1024w, https:\/\/www.waldhufenidyll-erzgebirge.de\/wp\/wp-content\/uploads\/2019\/11\/Pressnitztalbahn_Schmalzgrube-300x169.jpg 300w, https:\/\/www.waldhufenidyll-erzgebirge.de\/wp\/wp-content\/uploads\/2019\/11\/Pressnitztalbahn_Schmalzgrube-768x432.jpg 768w\" sizes=\"(max-width: 1024px) 100vw, 1024px\" \/><figcaption class=\"wp-element-caption\">Foto Waldhufenidyll<\/figcaption><\/figure><\/div>\n\n\n<hr class=\"wp-block-separator has-css-opacity is-style-wide\"\/>\n\n\n\n<p class=\"has-medium-font-size\">Und schlie\u00dflich gibt es da noch die 5.Jahreszeit, die man unbedingt einmal im <strong>Weihnachtsland Erzgebirge<\/strong> erlebt haben muss. Liebevoll geschm\u00fcckte Fenster und Stuben, traditionelles Kunsthandwerk, Bergparaden, verf\u00fchrerisch duftende Weihnachtsm\u00e4rkte &#8230; Das sollte man sich nicht entgehen lassen!<\/p>\n\n\n<div class=\"wp-block-image\">\n<figure class=\"aligncenter\"><img loading=\"lazy\" decoding=\"async\" width=\"898\" height=\"599\" src=\"https:\/\/www.waldhufenidyll-erzgebirge.de\/wp\/wp-content\/uploads\/2019\/11\/Weihnachtsmarkt.jpg\" alt=\"\" class=\"wp-image-285\" srcset=\"https:\/\/www.waldhufenidyll-erzgebirge.de\/wp\/wp-content\/uploads\/2019\/11\/Weihnachtsmarkt.jpg 898w, https:\/\/www.waldhufenidyll-erzgebirge.de\/wp\/wp-content\/uploads\/2019\/11\/Weihnachtsmarkt-300x200.jpg 300w, https:\/\/www.waldhufenidyll-erzgebirge.de\/wp\/wp-content\/uploads\/2019\/11\/Weihnachtsmarkt-768x512.jpg 768w\" sizes=\"(max-width: 898px) 100vw, 898px\" \/><figcaption class=\"wp-element-caption\"> Quelle: erzgebirge-tourismus.de <\/figcaption><\/figure><\/div>\n\n\n<hr class=\"wp-block-separator has-css-opacity\"\/>\n\n\n\n<p class=\"has-medium-font-size\">Es ist also f\u00fcr jeden etwas dabei. Wir haben f\u00fcr unsere G\u00e4ste eine umfangreiche <strong>pers\u00f6nlichen Infomappe<\/strong> zusammengestellt. Diese schicken wir Ihnen nach erfolgter Buchung gern vorab als PDF-Dokument zu, damit Sie Ihren Urlaub entspannt planen k\u00f6nnen.<\/p>\n\n\n<div class=\"wp-block-image\">\n<figure class=\"aligncenter\"><img loading=\"lazy\" decoding=\"async\" width=\"350\" height=\"350\" src=\"https:\/\/www.waldhufenidyll-erzgebirge.de\/wp\/wp-content\/uploads\/2020\/03\/PuG_350px.png\" alt=\"\" class=\"wp-image-349\" srcset=\"https:\/\/www.waldhufenidyll-erzgebirge.de\/wp\/wp-content\/uploads\/2020\/03\/PuG_350px.png 350w, https:\/\/www.waldhufenidyll-erzgebirge.de\/wp\/wp-content\/uploads\/2020\/03\/PuG_350px-150x150.png 150w, https:\/\/www.waldhufenidyll-erzgebirge.de\/wp\/wp-content\/uploads\/2020\/03\/PuG_350px-300x300.png 300w\" sizes=\"(max-width: 350px) 100vw, 350px\" \/><figcaption class=\"wp-element-caption\"><a href=\"#top\">Gl\u00fcck auf!<\/a><\/figcaption><\/figure><\/div>","protected":false},"excerpt":{"rendered":"<p>Das Waldhufenidyll liegt im Herzen des Erzgebirges direkt am Mountainbike-Radweg Stoneman Miriquidi bzw. verschiedenen ausgeschilderten Wanderwegen. Direkt vor der T\u00fcr beginnt also unsere Erlebnisheimat Erzgebirge. Unsere pers\u00f6nlichen Lieblingstouren haben wir bei komoot dokumentiert (registrieren und dem Nutzer Waldhufenidyll folgen), hier nur eine kleine Auswahl: Wandertouren direkt ab der Haust\u00fcr Haustour West ums Waldhufenidyll (6 km)&hellip;&nbsp;<a href=\"https:\/\/www.waldhufenidyll-erzgebirge.de\/wp\/?page_id=158\" class=\"\" rel=\"bookmark\">Weiterlesen &raquo;<span class=\"screen-reader-text\">Erlebnisheimat Erzgebirge<\/span><\/a><\/p>\n","protected":false},"author":1,"featured_media":305,"parent":0,"menu_order":0,"comment_status":"closed","ping_status":"closed","template":"","meta":{"neve_meta_sidebar":"","neve_meta_container":"","neve_meta_enable_content_width":"off","neve_meta_content_width":0,"neve_meta_title_alignment":"","neve_meta_author_avatar":"","neve_post_elements_order":"","neve_meta_disable_header":"","neve_meta_disable_footer":"","neve_meta_disable_title":"","footnotes":""},"_links":{"self":[{"href":"https:\/\/www.waldhufenidyll-erzgebirge.de\/wp\/index.php?rest_route=\/wp\/v2\/pages\/158"}],"collection":[{"href":"https:\/\/www.waldhufenidyll-erzgebirge.de\/wp\/index.php?rest_route=\/wp\/v2\/pages"}],"about":[{"href":"https:\/\/www.waldhufenidyll-erzgebirge.de\/wp\/index.php?rest_route=\/wp\/v2\/types\/page"}],"author":[{"embeddable":true,"href":"https:\/\/www.waldhufenidyll-erzgebirge.de\/wp\/index.php?rest_route=\/wp\/v2\/users\/1"}],"replies":[{"embeddable":true,"href":"https:\/\/www.waldhufenidyll-erzgebirge.de\/wp\/index.php?rest_route=%2Fwp%2Fv2%2Fcomments&post=158"}],"version-history":[{"count":41,"href":"https:\/\/www.waldhufenidyll-erzgebirge.de\/wp\/index.php?rest_route=\/wp\/v2\/pages\/158\/revisions"}],"predecessor-version":[{"id":536,"href":"https:\/\/www.waldhufenidyll-erzgebirge.de\/wp\/index.php?rest_route=\/wp\/v2\/pages\/158\/revisions\/536"}],"wp:featuredmedia":[{"embeddable":true,"href":"https:\/\/www.waldhufenidyll-erzgebirge.de\/wp\/index.php?rest_route=\/wp\/v2\/media\/305"}],"wp:attachment":[{"href":"https:\/\/www.waldhufenidyll-erzgebirge.de\/wp\/index.php?rest_route=%2Fwp%2Fv2%2Fmedia&parent=158"}],"curies":[{"name":"wp","href":"https:\/\/api.w.org\/{rel}","templated":true}]}}